{"id":878,"date":"2021-12-28T16:53:39","date_gmt":"2021-12-28T16:53:39","guid":{"rendered":"https:\/\/tertisztitas.com\/?page_id=878"},"modified":"2022-12-28T15:52:48","modified_gmt":"2022-12-28T15:52:48","slug":"hartmann-naptar-2023","status":"publish","type":"page","link":"https:\/\/tertisztitas.com\/index.php\/hartmann-naptar-2023\/","title":{"rendered":"Hartmann napt\u00e1r 2023"},"content":{"rendered":"\n<div class=\"wp-block-image\"><figure class=\"aligncenter size-large\"><img decoding=\"async\" loading=\"lazy\" width=\"656\" height=\"1016\" src=\"https:\/\/tertisztitas.com\/wp-content\/uploads\/2022\/12\/2023_Hartmann_naptar.jpg\" alt=\"\" class=\"wp-image-887\" srcset=\"https:\/\/tertisztitas.com\/wp-content\/uploads\/2022\/12\/2023_Hartmann_naptar.jpg 656w, https:\/\/tertisztitas.com\/wp-content\/uploads\/2022\/12\/2023_Hartmann_naptar-194x300.jpg 194w\" sizes=\"(max-width: 656px) 100vw, 656px\" \/><\/figure><\/div>\n\n\n\n<p class=\"has-text-align-center\"><a href=\"https:\/\/tertisztitas.com\/wp-content\/uploads\/2022\/12\/2023_Hartmann_naptar.jpg\" target=\"_blank\" rel=\"noreferrer noopener\">Hartmann napt\u00e1r 2023 let\u00f6lt\u00e9se<\/a> (JPG)<\/p>\n","protected":false},"excerpt":{"rendered":"<p>Hartmann napt\u00e1r 2023 let\u00f6lt\u00e9se (JPG)<\/p>\n","protected":false},"author":1,"featured_media":0,"parent":0,"menu_order":0,"comment_status":"closed","ping_status":"closed","template":"","meta":[],"_links":{"self":[{"href":"https:\/\/tertisztitas.com\/index.php\/wp-json\/wp\/v2\/pages\/878"}],"collection":[{"href":"https:\/\/tertisztitas.com\/index.php\/wp-json\/wp\/v2\/pages"}],"about":[{"href":"https:\/\/tertisztitas.com\/index.php\/wp-json\/wp\/v2\/types\/page"}],"author":[{"embeddable":true,"href":"https:\/\/tertisztitas.com\/index.php\/wp-json\/wp\/v2\/users\/1"}],"replies":[{"embeddable":true,"href":"https:\/\/tertisztitas.com\/index.php\/wp-json\/wp\/v2\/comments?post=878"}],"version-history":[{"count":4,"href":"https:\/\/tertisztitas.com\/index.php\/wp-json\/wp\/v2\/pages\/878\/revisions"}],"predecessor-version":[{"id":891,"href":"https:\/\/tertisztitas.com\/index.php\/wp-json\/wp\/v2\/pages\/878\/revisions\/891"}],"wp:attachment":[{"href":"https:\/\/tertisztitas.com\/index.php\/wp-json\/wp\/v2\/media?parent=878"}],"curies":[{"name":"wp","href":"https:\/\/api.w.org\/{rel}","templated":true}]}}