{"id":7,"date":"2019-02-12T23:23:22","date_gmt":"2019-02-12T23:23:22","guid":{"rendered":"https:\/\/tertisztitas.com\/?page_id=7"},"modified":"2019-04-06T10:37:16","modified_gmt":"2019-04-06T10:37:16","slug":"bemutatkozas","status":"publish","type":"page","link":"https:\/\/tertisztitas.com\/","title":{"rendered":"Bemutatkoz\u00e1s"},"content":{"rendered":"\n<div class=\"wp-block-image portre\"><figure class=\"alignright\"><a href=\"https:\/\/tertisztitas.com\/wp-content\/uploads\/2019\/03\/hammerszky_sandor.jpg\" target=\"_blank\" rel=\"noreferrer noopener\"><img decoding=\"async\" loading=\"lazy\" width=\"300\" height=\"256\" src=\"https:\/\/tertisztitas.com\/wp-content\/uploads\/2019\/03\/hammerszky_sandor-300x256.jpg\" alt=\"Hammerszky S\u00e1ndor\" class=\"wp-image-354\" srcset=\"https:\/\/tertisztitas.com\/wp-content\/uploads\/2019\/03\/hammerszky_sandor-300x256.jpg 300w, https:\/\/tertisztitas.com\/wp-content\/uploads\/2019\/03\/hammerszky_sandor-768x656.jpg 768w, https:\/\/tertisztitas.com\/wp-content\/uploads\/2019\/03\/hammerszky_sandor.jpg 998w\" sizes=\"(max-width: 300px) 100vw, 300px\" \/><\/a><\/figure><\/div>\n\n\n\n<p>Hammerszky S\u00e1ndor vagyok, 1981-ben\nsz\u00fclettem Budapesten, Piliscsab\u00e1n \u00e9ltem 2012-ig, jelenleg Esztergomban lakom.<\/p>\n\n\n\n<p>Az \u00e9letem minden ter\u00fclet\u00e9n\njelen van az energia, villamosm\u00e9rn\u00f6kk\u00e9nt dolgozom, napenergi\u00e1val kapcsolatos\nmunk\u00e1im is vannak, mellette csatorna vagyok az \u00c9g \u00e9s F\u00f6ldi energia, valamint a\nSzeretet \u00e1raml\u00e1s\u00e1ban.<\/p>\n\n\n\n<p>Szeretn\u00e9k seg\u00edteni abban,\nhogy jobban megismerj\u00e9k \u00d6nmagukat, mert \u00fagy gondolom, hogy ami legbel\u00fcl zajlik,\naz t\u00fckr\u00f6z\u0151dik a k\u00fclvil\u00e1gunkban, ha bel\u00fcl feloldjuk a g\u00e1tjainkat, akad\u00e1lyainkat,\nakkor a k\u00fclvil\u00e1g is v\u00e1ltozni fog ennek megfelel\u0151en.<\/p>\n\n\n\n<p>Olyan embereknek tudok\nseg\u00edteni, akik gy\u00f3gyulni, v\u00e1ltozni vagy v\u00e1ltoztatni szeretn\u00e9nek az \u00e9let\u00fck\u00f6n \u00e9s\nez\u00e9rt hajland\u00f3ak is tenni.<\/p>\n\n\n\n<p>Ezen m\u00f3dszerek seg\u00edts\u00e9g\u00e9vel kitisztul a lak\u00f3t\u00e9r az aura \u00e9s a csakr\u00e1k, helyre \u00e1ll a harm\u00f3nia, megsz\u0171nnek a blokkok. <br>Megval\u00f3sul a test-l\u00e9lek-szellem egys\u00e9ge, az ember egyens\u00falyba ker\u00fcl \u00d6nmag\u00e1val.<\/p>\n\n\n\n<p>A betegs\u00e9g lelki probl\u00e9m\u00e1ink\ntesti kivet\u00fcl\u00e9se. A tapasztalat azt mutatja, hogy a harmonikus kiegyens\u00falyozott ember\nnem betegszik meg.<\/p>\n\n\n\n<p style=\"text-align:center\"><a href=\"https:\/\/tertisztitas.com\/index.php\/okleveleim\/\">Okleveleim.<\/a><\/p>\n","protected":false},"excerpt":{"rendered":"<p>Hammerszky S\u00e1ndor vagyok, 1981-ben sz\u00fclettem Budapesten, Piliscsab\u00e1n \u00e9ltem 2012-ig, jelenleg Esztergomban lakom. Az \u00e9letem minden ter\u00fclet\u00e9n jelen van az energia, villamosm\u00e9rn\u00f6kk\u00e9nt dolgozom, napenergi\u00e1val kapcsolatos munk\u00e1im is vannak, mellette csatorna vagyok az \u00c9g \u00e9s F\u00f6ldi energia, valamint a Szeretet \u00e1raml\u00e1s\u00e1ban. Szeretn\u00e9k seg\u00edteni abban, hogy jobban megismerj\u00e9k \u00d6nmagukat, mert \u00fagy gondolom, hogy [&hellip;]<\/p>\n","protected":false},"author":1,"featured_media":425,"parent":0,"menu_order":0,"comment_status":"closed","ping_status":"closed","template":"","meta":[],"_links":{"self":[{"href":"https:\/\/tertisztitas.com\/index.php\/wp-json\/wp\/v2\/pages\/7"}],"collection":[{"href":"https:\/\/tertisztitas.com\/index.php\/wp-json\/wp\/v2\/pages"}],"about":[{"href":"https:\/\/tertisztitas.com\/index.php\/wp-json\/wp\/v2\/types\/page"}],"author":[{"embeddable":true,"href":"https:\/\/tertisztitas.com\/index.php\/wp-json\/wp\/v2\/users\/1"}],"replies":[{"embeddable":true,"href":"https:\/\/tertisztitas.com\/index.php\/wp-json\/wp\/v2\/comments?post=7"}],"version-history":[{"count":13,"href":"https:\/\/tertisztitas.com\/index.php\/wp-json\/wp\/v2\/pages\/7\/revisions"}],"predecessor-version":[{"id":844,"href":"https:\/\/tertisztitas.com\/index.php\/wp-json\/wp\/v2\/pages\/7\/revisions\/844"}],"wp:featuredmedia":[{"embeddable":true,"href":"https:\/\/tertisztitas.com\/index.php\/wp-json\/wp\/v2\/media\/425"}],"wp:attachment":[{"href":"https:\/\/tertisztitas.com\/index.php\/wp-json\/wp\/v2\/media?parent=7"}],"curies":[{"name":"wp","href":"https:\/\/api.w.org\/{rel}","templated":true}]}}