{"id":378,"date":"2019-03-22T02:34:57","date_gmt":"2019-03-22T02:34:57","guid":{"rendered":"https:\/\/tertisztitas.com\/?page_id=378"},"modified":"2019-03-22T03:11:14","modified_gmt":"2019-03-22T03:11:14","slug":"kristalyok-amiket-hasznalok","status":"publish","type":"page","link":"https:\/\/tertisztitas.com\/index.php\/kristalyok-amiket-hasznalok\/","title":{"rendered":"Krist\u00e1lyok, amiket haszn\u00e1lok"},"content":{"rendered":"\n<p> <br><a href=\"https:\/\/tertisztitas.com\/index.php\/2019\/02\/14\/ametiszt\/\">Ametiszt<\/a> <br><a href=\"https:\/\/tertisztitas.com\/index.php\/2019\/02\/14\/aventurin\/\">Aventurin<\/a> <br><a href=\"https:\/\/tertisztitas.com\/index.php\/2019\/02\/14\/citrin\/\">Citrin<\/a> <br><a href=\"https:\/\/tertisztitas.com\/index.php\/2019\/02\/14\/hegyikristaly\/\">Hegyikrist\u00e1ly<\/a><br><a href=\"https:\/\/tertisztitas.com\/index.php\/2019\/02\/14\/kalcedon\/\">Kalcedon<\/a><br><a href=\"https:\/\/tertisztitas.com\/index.php\/2019\/02\/14\/karneol\/\">Karneol<\/a> <br><a href=\"https:\/\/tertisztitas.com\/index.php\/2019\/02\/14\/rozsakvarc\/\">R\u00f3zsakvarc<\/a><br><a href=\"https:\/\/tertisztitas.com\/index.php\/2019\/02\/14\/tigrisszem\/\">Tigrisszem<\/a><br><a href=\"https:\/\/tertisztitas.com\/index.php\/2019\/02\/14\/jaspis\/\">V\u00f6r\u00f6s j\u00e1spis<\/a><\/p>\n\n\n\n<p><strong>SIO2 szil\u00edciumdioxidos krist\u00e1lyok&nbsp;m\u00e9g:<\/strong><\/p>\n\n\n\n<p><a href=\"https:\/\/tertisztitas.com\/index.php\/2019\/02\/14\/achat\/\">Ach\u00e1t<\/a><br><a href=\"https:\/\/tertisztitas.com\/index.php\/2019\/02\/14\/ametrin\/\">Ametrin<\/a>  <br><a href=\"https:\/\/tertisztitas.com\/index.php\/2019\/02\/14\/fustkvarc\/\">F\u00fcstkvarc<\/a> <br><a href=\"https:\/\/tertisztitas.com\/index.php\/2019\/02\/14\/heliotrop\/\">Heliotrop<\/a> <br><a href=\"https:\/\/tertisztitas.com\/index.php\/2019\/02\/14\/howlit\/\">Howlit<\/a> <br>K\u00e9kkvarc<br><a href=\"https:\/\/tertisztitas.com\/index.php\/2019\/02\/14\/krizopraz\/\">Krizopr\u00e1z<\/a> <br><a href=\"https:\/\/tertisztitas.com\/index.php\/2019\/02\/14\/obszidian\/\">Obszidi\u00e1n<\/a> <br><a href=\"https:\/\/tertisztitas.com\/index.php\/2019\/02\/14\/onix\/\">\u00d3nix<\/a><br>Sardonyx <br><br><\/p>\n","protected":false},"excerpt":{"rendered":"<p>Ametiszt Aventurin Citrin Hegyikrist\u00e1lyKalcedonKarneol R\u00f3zsakvarcTigrisszemV\u00f6r\u00f6s j\u00e1spis SIO2 szil\u00edciumdioxidos krist\u00e1lyok&nbsp;m\u00e9g: Ach\u00e1tAmetrin F\u00fcstkvarc Heliotrop Howlit K\u00e9kkvarcKrizopr\u00e1z Obszidi\u00e1n \u00d3nixSardonyx<\/p>\n","protected":false},"author":1,"featured_media":0,"parent":0,"menu_order":0,"comment_status":"closed","ping_status":"closed","template":"","meta":[],"_links":{"self":[{"href":"https:\/\/tertisztitas.com\/index.php\/wp-json\/wp\/v2\/pages\/378"}],"collection":[{"href":"https:\/\/tertisztitas.com\/index.php\/wp-json\/wp\/v2\/pages"}],"about":[{"href":"https:\/\/tertisztitas.com\/index.php\/wp-json\/wp\/v2\/types\/page"}],"author":[{"embeddable":true,"href":"https:\/\/tertisztitas.com\/index.php\/wp-json\/wp\/v2\/users\/1"}],"replies":[{"embeddable":true,"href":"https:\/\/tertisztitas.com\/index.php\/wp-json\/wp\/v2\/comments?post=378"}],"version-history":[{"count":5,"href":"https:\/\/tertisztitas.com\/index.php\/wp-json\/wp\/v2\/pages\/378\/revisions"}],"predecessor-version":[{"id":400,"href":"https:\/\/tertisztitas.com\/index.php\/wp-json\/wp\/v2\/pages\/378\/revisions\/400"}],"wp:attachment":[{"href":"https:\/\/tertisztitas.com\/index.php\/wp-json\/wp\/v2\/media?parent=378"}],"curies":[{"name":"wp","href":"https:\/\/api.w.org\/{rel}","templated":true}]}}