{"id":109,"date":"2019-02-13T15:52:32","date_gmt":"2019-02-13T15:52:32","guid":{"rendered":"https:\/\/tertisztitas.com\/?page_id=109"},"modified":"2020-08-26T14:23:35","modified_gmt":"2020-08-26T14:23:35","slug":"szolgaltatasaim","status":"publish","type":"page","link":"https:\/\/tertisztitas.com\/index.php\/szolgaltatasaim\/","title":{"rendered":"Szolg\u00e1ltat\u00e1saim"},"content":{"rendered":"\n<p><strong>F\u00f6ldsug\u00e1rz\u00e1sok radieszt\u00e9zia m\u00f3dszerekkel t\u00f6rt\u00e9n\u0151\nm\u00e9r\u00e9se, vizsg\u00e1lata:<\/strong><\/p>\n\n\n\n<ul><li><strong>Megl\u00e9v\u0151 saj\u00e1t tulajdon\u00fa vagy b\u00e9relt lak\u00e1s, h\u00e1z bem\u00e9r\u00e9se,<\/strong><\/li><li><strong>Lak\u00e1s, h\u00e1z v\u00e1s\u00e1rl\u00e1s el\u0151tti felm\u00e9r\u00e9se,<\/strong><\/li><li><strong>Lak\u00e1s, h\u00e1z elad\u00e1sa el\u0151tti felm\u00e9r\u00e9s k\u00e9sz\u00edt\u00e9se,<\/strong><\/li><li><strong>Telek v\u00e1s\u00e1rl\u00e1s el\u0151tti felm\u00e9r\u00e9s,<\/strong><\/li><li><strong>Megl\u00e9v\u0151 telek bem\u00e9r\u00e9se, javaslat, hogy a h\u00e1z hol \u00e9p\u00fclj\u00f6n fel,<\/strong><\/li><li><strong>Munkahelyek, irod\u00e1k bem\u00e9r\u00e9se,<\/strong><\/li><li><strong>Egy\u00e9b helyek bem\u00e9r\u00e9se (Pl.: csarnok, stb.).<\/strong><\/li><li><strong>F\u00f6ldsug\u00e1rz\u00e1sok k\u00e1ros hat\u00e1sainak kik\u00fcsz\u00f6b\u00f6l\u00e9se \u00e1rny\u00e9kol\u00f3 lapokkal<\/strong><\/li><\/ul>\n\n\n\n<p><strong>Krist\u00e1ly programoz\u00e1s:<\/strong><\/p>\n\n\n\n<ul><li><strong>T\u00e9rtiszt\u00edt\u00e1sra<\/strong><\/li><li><strong>Krist\u00e1ly csomagok<\/strong><\/li><li><strong>Egy\u00e9b<\/strong><\/li><\/ul>\n\n\n\n<p><strong>Krist\u00e1ly kezel\u00e9s:<\/strong><\/p>\n\n\n\n<ul><li><strong>Tiszt\u00edt\u00e1s<\/strong><\/li><li><strong>Krist\u00e1ly energia \u00e1tad\u00e1sa<\/strong><\/li><li><strong>F\u00e1jdalom, l\u00e1z csillap\u00edt\u00e1s<\/strong><\/li><\/ul>\n\n\n\n<p><strong>T\u00e9rtiszt\u00edt\u00e1s:<\/strong><\/p>\n\n\n\n<ul><li><strong>Lak\u00e1s<\/strong><\/li><li><strong>H\u00e1z<\/strong><\/li><li><strong>\u00daj ingatlan, bek\u00f6lt\u00f6z\u00e9s el\u0151tt<\/strong><\/li><\/ul>\n\n\n\n<p><strong>Szeretet\u00e9rint\u00e9s<\/strong><\/p>\n\n\n\n<hr class=\"wp-block-separator is-style-wide\"\/>\n\n\n\n<p><strong>Kisz\u00e1ll\u00e1s:<\/strong><\/p>\n\n\n\n<ul><li><strong>Budapest mindegyik ker\u00fclet\u00e9ben,<\/strong><\/li><li><strong>Budapest \u2013 Esztergom \u00fatvonalon<\/strong><\/li><li><strong>Zs\u00e1mb\u00e9k \u2013 Esztergom \u00fatvonalon<\/strong><\/li><li><strong>Budakal\u00e1sz \u2013 Esztergom \u00fatvonalon<\/strong><\/li><\/ul>\n","protected":false},"excerpt":{"rendered":"<p>F\u00f6ldsug\u00e1rz\u00e1sok radieszt\u00e9zia m\u00f3dszerekkel t\u00f6rt\u00e9n\u0151 m\u00e9r\u00e9se, vizsg\u00e1lata: Megl\u00e9v\u0151 saj\u00e1t tulajdon\u00fa vagy b\u00e9relt lak\u00e1s, h\u00e1z bem\u00e9r\u00e9se, Lak\u00e1s, h\u00e1z v\u00e1s\u00e1rl\u00e1s el\u0151tti felm\u00e9r\u00e9se, Lak\u00e1s, h\u00e1z elad\u00e1sa el\u0151tti felm\u00e9r\u00e9s k\u00e9sz\u00edt\u00e9se, Telek v\u00e1s\u00e1rl\u00e1s el\u0151tti felm\u00e9r\u00e9s, Megl\u00e9v\u0151 telek bem\u00e9r\u00e9se, javaslat, hogy a h\u00e1z hol \u00e9p\u00fclj\u00f6n fel, Munkahelyek, irod\u00e1k bem\u00e9r\u00e9se, Egy\u00e9b helyek bem\u00e9r\u00e9se (Pl.: csarnok, stb.). F\u00f6ldsug\u00e1rz\u00e1sok k\u00e1ros [&hellip;]<\/p>\n","protected":false},"author":1,"featured_media":0,"parent":0,"menu_order":0,"comment_status":"closed","ping_status":"closed","template":"","meta":[],"_links":{"self":[{"href":"https:\/\/tertisztitas.com\/index.php\/wp-json\/wp\/v2\/pages\/109"}],"collection":[{"href":"https:\/\/tertisztitas.com\/index.php\/wp-json\/wp\/v2\/pages"}],"about":[{"href":"https:\/\/tertisztitas.com\/index.php\/wp-json\/wp\/v2\/types\/page"}],"author":[{"embeddable":true,"href":"https:\/\/tertisztitas.com\/index.php\/wp-json\/wp\/v2\/users\/1"}],"replies":[{"embeddable":true,"href":"https:\/\/tertisztitas.com\/index.php\/wp-json\/wp\/v2\/comments?post=109"}],"version-history":[{"count":8,"href":"https:\/\/tertisztitas.com\/index.php\/wp-json\/wp\/v2\/pages\/109\/revisions"}],"predecessor-version":[{"id":865,"href":"https:\/\/tertisztitas.com\/index.php\/wp-json\/wp\/v2\/pages\/109\/revisions\/865"}],"wp:attachment":[{"href":"https:\/\/tertisztitas.com\/index.php\/wp-json\/wp\/v2\/media?parent=109"}],"curies":[{"name":"wp","href":"https:\/\/api.w.org\/{rel}","templated":true}]}}