{"id":10,"date":"2019-02-12T23:25:34","date_gmt":"2019-02-12T23:25:34","guid":{"rendered":"https:\/\/tertisztitas.com\/?page_id=10"},"modified":"2019-03-22T01:56:22","modified_gmt":"2019-03-22T01:56:22","slug":"kapcsolat","status":"publish","type":"page","link":"https:\/\/tertisztitas.com\/index.php\/kapcsolat\/","title":{"rendered":"Kapcsolat"},"content":{"rendered":"\n<p><strong>Tel: <\/strong>+36 20 3\u00a0940\u00a0841<\/p>\n\n\n\n<p><strong>Facebook:<\/strong><a href=\"https:\/\/www.facebook.com\/F%C3%B6ldsug%C3%A1rz%C3%A1s-m%C3%A9r%C3%A9s-radieszt%C3%A9zia-1583872201916397\/\"> F\u00f6ldsug\u00e1rz\u00e1s m\u00e9r\u00e9s, radieszt\u00e9zia<\/a><\/p>\n","protected":false},"excerpt":{"rendered":"<p>Tel: +36 20 3\u00a0940\u00a0841 Facebook: F\u00f6ldsug\u00e1rz\u00e1s m\u00e9r\u00e9s, radieszt\u00e9zia<\/p>\n","protected":false},"author":1,"featured_media":0,"parent":0,"menu_order":0,"comment_status":"closed","ping_status":"closed","template":"","meta":[],"_links":{"self":[{"href":"https:\/\/tertisztitas.com\/index.php\/wp-json\/wp\/v2\/pages\/10"}],"collection":[{"href":"https:\/\/tertisztitas.com\/index.php\/wp-json\/wp\/v2\/pages"}],"about":[{"href":"https:\/\/tertisztitas.com\/index.php\/wp-json\/wp\/v2\/types\/page"}],"author":[{"embeddable":true,"href":"https:\/\/tertisztitas.com\/index.php\/wp-json\/wp\/v2\/users\/1"}],"replies":[{"embeddable":true,"href":"https:\/\/tertisztitas.com\/index.php\/wp-json\/wp\/v2\/comments?post=10"}],"version-history":[{"count":4,"href":"https:\/\/tertisztitas.com\/index.php\/wp-json\/wp\/v2\/pages\/10\/revisions"}],"predecessor-version":[{"id":365,"href":"https:\/\/tertisztitas.com\/index.php\/wp-json\/wp\/v2\/pages\/10\/revisions\/365"}],"wp:attachment":[{"href":"https:\/\/tertisztitas.com\/index.php\/wp-json\/wp\/v2\/media?parent=10"}],"curies":[{"name":"wp","href":"https:\/\/api.w.org\/{rel}","templated":true}]}}